{"id":4855,"date":"2026-04-17T12:53:32","date_gmt":"2026-04-17T11:53:32","guid":{"rendered":"https:\/\/toursbyher.com\/?page_id=4855"},"modified":"2026-05-03T19:03:50","modified_gmt":"2026-05-03T18:03:50","slug":"programas-escolares-india","status":"publish","type":"page","link":"https:\/\/toursbyher.com\/es\/programas-escolares-india\/","title":{"rendered":"Programas escolares INDIA"},"content":{"rendered":"<div class=\"wpb-content-wrapper\">[vc_row][vc_column][vc_column_text]\n\t\t\t\t<p class=\"rs-p-wp-fix\"><\/p>\n\t\t\t\t<sr7-module data-alias=\"INDIA-espaol\" data-id=\"14\" id=\"SR7_14_1\" class=\"rs-ov-hidden\" data-version=\"6.7.54\">\n\t\t\t\t\t<sr7-adjuster><\/sr7-adjuster>\n\t\t\t\t\t<sr7-content>\n\t\t\t\t\t\t<sr7-slide id=\"SR7_14_1-33\" data-key=\"33\">\n\t\t\t\t\t\t\t<sr7-bg id=\"SR7_14_1-33-4\" class=\"sr7-layer\"><noscript><img decoding=\"async\" src=\"https:\/\/toursbyher.com\/wp-content\/uploads\/2026\/04\/Texto-scaled.jpg\" alt=\"\" title=\"school programs India\"><\/noscript><\/sr7-bg>\n\t\t\t\t\t\t\t<sr7-txt id=\"SR7_14_1-33-1\" class=\"sr7-layer\">INDIA<\/sr7-txt>\n\t\t\t\t\t\t\t<sr7-txt id=\"SR7_14_1-33-3\" class=\"sr7-layer\">PROGRAMAS ESCOLARES<\/sr7-txt>\n\t\t\t\t\t\t<\/sr7-slide>\n\t\t\t\t\t\t<sr7-slide id=\"SR7_14_1-34\" data-key=\"34\">\n\t\t\t\t\t\t<\/sr7-slide>\n\t\t\t\t\t<\/sr7-content>\n\t\t\t\t\t<image_lists style=\"display:none\">\n\t\t\t\t\t\t<img data-src=\"\/\/toursbyher.com\/wp-content\/uploads\/2026\/04\/Texto-scaled.jpg\" data-libid=\"4860\" data-lib=\"medialibrary\" title=\"school programs India\" width=\"0\" height=\"0\" data-dbsrc=\"Ly90b3Vyc2J5aGVyLmNvbS93cC1jb250ZW50L3VwbG9hZHMvMjAyNi8wNC9UZXh0by1zY2FsZWQuanBn\"\/>\n\t\t\t\t\t<\/image_lists>\n\t\t\t\t<\/sr7-module>\n\t\t\t\t<script>\n\t\t\t\t\twindow.SR7 ??={};SR7.PMH ??={}; SR7.PMH[\"SR7_14_1\"] = {cn:100,state:false,fn: function() { if (window._tpt!==undefined && window._tpt.prepareModuleHeight !== undefined) {  _tpt.prepareModuleHeight({id:\"SR7_14_1\",el:[600,600,768,960,720],type:'hero',shdw:'0',gh:[600,600,495,376,232],gw:[1240,1240,1024,778,480],vpt:['-100px'],size:{fullWidth:true, fullHeight:false},mh:'0',onh:0,onw:0,bg:{color:'{\"orig\":\"transparent\",\"type\":\"solid\",\"string\":\"transparent\"}'}});   SR7.PMH[\"SR7_14_1\"].state=true;} else if(SR7.PMH[\"SR7_14_1\"].cn-->0)\tsetTimeout( SR7.PMH[\"SR7_14_1\"].fn,19);}};SR7.PMH[\"SR7_14_1\" ].fn();\n\t\t\t\t<\/script>\n[\/vc_column_text][\/vc_column][\/vc_row][vc_row css=\u00bb.vc_custom_1777830592934{padding-top: 3% !important;padding-bottom: 3% !important;}\u00bb][vc_column][vc_row_inner][vc_column_inner][vc_column_text css=\u00bb\u00bb]\n<h2>Programas escolares<\/h2>\n<p>Nuestros programas escolares en India ofrecen una inmersi\u00f3n profunda en la realidad social y cultural del pa\u00eds. No son simples viajes; son experiencias pedag\u00f3gicas dise\u00f1adas para ampliar la perspectiva del mundo a trav\u00e9s del contacto directo con comunidades locales, proyectos de impacto y la historia viva de sus ciudades.[\/vc_column_text][\/vc_column_inner][\/vc_row_inner][vc_empty_space height=\u00bb32px\u00bb][vc_row_inner equal_height=\u00bbyes\u00bb gap=\u00bb35&#8243;][vc_column_inner width=\u00bb1\/3&#8243;][vc_column_text css=\u00bb\u00bb]\n<h3>Ra\u00edces culturales sur<\/h3>\n<p>Este itinerario recorre la esencia espiritual y tradicional del sur de India. Nos enfocamos en la preservaci\u00f3n de las artes cl\u00e1sicas, la arquitectura de los templos milenarios y la gesti\u00f3n sostenible de los recursos naturales en comunidades rurales. Es ideal para grupos que buscan una conexi\u00f3n pausada con la herencia cultural y el entorno humano.[\/vc_column_text][\/vc_column_inner][vc_column_inner width=\u00bb1\/3&#8243;][vc_column_text css=\u00bb\u00bb]\n<h3>Narrativas tri\u00e1ngulo oro<\/h3>\n<p>Un recorrido por Delhi, Agra y Jaipur dise\u00f1ado para desentra\u00f1ar la historia oficial y las voces olvidadas. Este programa analiza el legado del Imperio Mogol y el Raj Brit\u00e1nico desde una perspectiva cr\u00edtica, visitando monumentos ic\u00f3nicos como el Taj Mahal mientras descubrimos los relatos ocultos que dan forma a la India moderna.[\/vc_column_text][\/vc_column_inner][vc_column_inner width=\u00bb1\/3&#8243;][vc_column_text css=\u00bb\u00bb]\n<h3>Rajasthan y tradici\u00f3n<\/h3>\n<p>La majestuosidad de los palacios se combina con la dureza y belleza del desierto. Este programa permite a los grupos escolares estudiar la transici\u00f3n de los antiguos reinos hacia la modernidad. Exploramos la artesan\u00eda local, la organizaci\u00f3n social en los pueblos del desierto y la importancia del patrimonio hist\u00f3rico como motor econ\u00f3mico actual.[\/vc_column_text][\/vc_column_inner][\/vc_row_inner][vc_row_inner][vc_column_inner][vc_column_text css=\u00bb\u00bb]\t\t\t\t<div class=\"ttbm_style ttbm_wraper placeholderLoader ttbm_filter_area\">\n\t\t\t\t\t<div class=\"mpContainer\">\n\t\t\t\t\t                <div class=\"all_filter_item\">\n\t\t\t\t\t                        <div class=\"ttbm_all_item_activities_wrapper\">\n                            <button class=\"scroll-left\">\u2190<\/button>\n                            <div class=\"ttbm_all_item_activities_holder\">\n\t\t\t\t\t\t\t\t                            <\/div>\n                            <button class=\"scroll-right\">\u2192<\/button>\n                        <\/div>\n\t\t\t\t\t                    <div class=\"flexWrap grid\">\n\t\t\t\t\t\t                            <div class=\"filter_item placeholder_area grid_3\"\n\t\t\t\t\t\t\t\t\t\t\t\t\t\t\t\t\t\t\t\t\t\t\t\t\t\t\t\t\t\t\t\t\t\t\t\t\t\t\t\t                                    data-location=\"\"\n\t\t\t\t\t\t\t\t\t\t\t\t\t\t\t\t\t\t\t\t\t\t\t\t\t\t\t\t\t\t\t\t                                        data-feature=\"\"\n\t\t\t\t\t\t\t\t\t\t\t\t\t\t\t\t\t                                        data-tag=\"\"\n\t\t\t\t\t\t\t\t\t\t\t\t\t\t\t\t\t\t\t\t\t\t\t\t\t                                    data-activity=\"\"\n\t\t\t\t\t\t\t\t                            >\n                                <input type=\"hidden\" name=\"ttbm_item_activities\" value=\"\"\/>\n\t\t\t\t\t\t\t\t\n        <div class=\"bg_image_area\" data-href=\"https:\/\/toursbyher.com\/es\/tour\/raices-culturales-del-sur\/\" data-placeholder>\n        <div data-bg-image=\"https:\/\/toursbyher.com\/wp-content\/uploads\/2025\/02\/0_01.png\"><\/div>\n        <div class=\"fullAbsolute group_item\">\n            <div class=\"flexEqual\">\n                                            <\/div>\n        <\/div>\n        <div class=\"fdColumn absolute_item\">\n                        \t\t<div class=\"ttbm_list_info _bgWarning\" data-placeholder>\n\t\t\tVenci\u00f3 !\t\t<\/div>\n\t\t        <\/div>\n    <\/div>\n\n\n\n\n<div class=\"fdColumn ttbm_list_details\">\n            \r\n\t<h3 class=\"ttbm_list_title \" data-placeholder>\r\n\t\t<a href=\"https:\/\/toursbyher.com\/es\/tour\/raices-culturales-del-sur\/\">\r\n\t\t\tRA\u00cdCES CULTURALES DEL SUR\t\t<\/a>\r\n\t<\/h3>\r\n\r\n        \n    <div class=\"divider\"><\/div>\n    \t<div class=\"ttbm_description ttbm_wp_editor\" data-placeholder>\n\t\t<div>\nSOBRE EL PROGRAMA &nbsp; Hemos establecido un programa de inmersi\u00f3n cultural para estudiantes en In...\t\t<\/div>\n\t<\/div>\n\t    <div class=\"divider\"><\/div>\n    <div class=\"justifyBetween _wrap filter_item_footer\" data-placeholder>\r\n\t<div class=\"include_service\">\r\n\t\t\t<\/div>\r\n\t<button type=\"button\" class=\"dButton_xs ttbm_explore_button\" data-href=\"https:\/\/toursbyher.com\/es\/tour\/raices-culturales-del-sur\/\">\r\n\t\tExplorar \t<\/button>\r\n<\/div><\/div>\n                            <\/div>\n\t\t\t\t\t\t\t\t\t\t\t\t\t                            <div class=\"filter_item placeholder_area grid_3\"\n\t\t\t\t\t\t\t\t\t\t\t\t\t\t\t\t\t\t\t\t\t\t\t\t\t\t\t\t\t\t\t\t\t\t\t\t\t\t\t\t                                    data-location=\"\"\n\t\t\t\t\t\t\t\t\t\t\t\t\t\t\t\t\t\t\t\t\t\t\t\t\t\t\t\t\t\t\t\t                                        data-feature=\"\"\n\t\t\t\t\t\t\t\t\t\t\t\t\t\t\t\t\t                                        data-tag=\"\"\n\t\t\t\t\t\t\t\t\t\t\t\t\t\t\t\t\t\t\t\t\t\t\t\t\t                                    data-activity=\"\"\n\t\t\t\t\t\t\t\t                            >\n                                <input type=\"hidden\" name=\"ttbm_item_activities\" value=\"\"\/>\n\t\t\t\t\t\t\t\t\n        <div class=\"bg_image_area\" data-href=\"https:\/\/toursbyher.com\/es\/tour\/narrativas-escondidas-del-triangulo-de-oro\/\" data-placeholder>\n        <div data-bg-image=\"https:\/\/toursbyher.com\/wp-content\/uploads\/2025\/02\/0_06.png\"><\/div>\n        <div class=\"fullAbsolute group_item\">\n            <div class=\"flexEqual\">\n                                            <\/div>\n        <\/div>\n        <div class=\"fdColumn absolute_item\">\n                        \t\t<div class=\"ttbm_list_info _bgWarning\" data-placeholder>\n\t\t\tVenci\u00f3 !\t\t<\/div>\n\t\t        <\/div>\n    <\/div>\n\n\n\n\n<div class=\"fdColumn ttbm_list_details\">\n            \r\n\t<h3 class=\"ttbm_list_title \" data-placeholder>\r\n\t\t<a href=\"https:\/\/toursbyher.com\/es\/tour\/narrativas-escondidas-del-triangulo-de-oro\/\">\r\n\t\t\tNARRATIVAS ESCONDIDAS DEL TRI\u00c1NGULO DE ORO\t\t<\/a>\r\n\t<\/h3>\r\n\r\n        \n    <div class=\"divider\"><\/div>\n    \t<div class=\"ttbm_description ttbm_wp_editor\" data-placeholder>\n\t\t<div>\nSOBRE EL PROGRAMA &nbsp; Vive un viaje inolvidable a trav\u00e9s del Tri\u00e1ngulo Dorado de la India, dise...\t\t<\/div>\n\t<\/div>\n\t    <div class=\"divider\"><\/div>\n    <div class=\"justifyBetween _wrap filter_item_footer\" data-placeholder>\r\n\t<div class=\"include_service\">\r\n\t\t\t<\/div>\r\n\t<button type=\"button\" class=\"dButton_xs ttbm_explore_button\" data-href=\"https:\/\/toursbyher.com\/es\/tour\/narrativas-escondidas-del-triangulo-de-oro\/\">\r\n\t\tExplorar \t<\/button>\r\n<\/div><\/div>\n                            <\/div>\n\t\t\t\t\t\t\t\t\t\t\t\t\t                            <div class=\"filter_item placeholder_area grid_3\"\n\t\t\t\t\t\t\t\t\t\t\t\t\t\t\t\t\t\t\t\t\t\t\t\t\t\t\t\t\t\t\t\t\t\t\t\t\t\t\t\t                                    data-location=\"\"\n\t\t\t\t\t\t\t\t\t\t\t\t\t\t\t\t\t\t\t\t\t\t\t\t\t\t\t\t\t\t\t\t                                        data-feature=\"\"\n\t\t\t\t\t\t\t\t\t\t\t\t\t\t\t\t\t                                        data-tag=\"\"\n\t\t\t\t\t\t\t\t\t\t\t\t\t\t\t\t\t\t\t\t\t\t\t\t\t                                    data-activity=\"\"\n\t\t\t\t\t\t\t\t                            >\n                                <input type=\"hidden\" name=\"ttbm_item_activities\" value=\"\"\/>\n\t\t\t\t\t\t\t\t\n        <div class=\"bg_image_area\" data-href=\"https:\/\/toursbyher.com\/es\/tour\/triangulo-de-oro-y-magica-rajasthan\/\" data-placeholder>\n        <div data-bg-image=\"https:\/\/toursbyher.com\/wp-content\/uploads\/2025\/02\/0_03.png\"><\/div>\n        <div class=\"fullAbsolute group_item\">\n            <div class=\"flexEqual\">\n                                            <\/div>\n        <\/div>\n        <div class=\"fdColumn absolute_item\">\n                        \t\t<div class=\"ttbm_list_info _bgWarning\" data-placeholder>\n\t\t\tVenci\u00f3 !\t\t<\/div>\n\t\t        <\/div>\n    <\/div>\n\n\n\n\n<div class=\"fdColumn ttbm_list_details\">\n            \r\n\t<h3 class=\"ttbm_list_title \" data-placeholder>\r\n\t\t<a href=\"https:\/\/toursbyher.com\/es\/tour\/triangulo-de-oro-y-magica-rajasthan\/\">\r\n\t\t\tTRI\u00c1NGULO DE ORO Y M\u00c1GICA RAJASTHAN\t\t<\/a>\r\n\t<\/h3>\r\n\r\n        \n    <div class=\"divider\"><\/div>\n    \t<div class=\"ttbm_description ttbm_wp_editor\" data-placeholder>\n\t\t<div>\nSOBRE EL PROGRAMA &nbsp; Emprende un enriquecedor viaje por el norte de la India, explorando las vib...\t\t<\/div>\n\t<\/div>\n\t    <div class=\"divider\"><\/div>\n    <div class=\"justifyBetween _wrap filter_item_footer\" data-placeholder>\r\n\t<div class=\"include_service\">\r\n\t\t\t<\/div>\r\n\t<button type=\"button\" class=\"dButton_xs ttbm_explore_button\" data-href=\"https:\/\/toursbyher.com\/es\/tour\/triangulo-de-oro-y-magica-rajasthan\/\">\r\n\t\tExplorar \t<\/button>\r\n<\/div><\/div>\n                            <\/div>\n\t\t\t\t\t\t\t\t\t\t\t\t\t                    <\/div>\n                <\/div>\n\t\t\t\t                <div class=\"search_result_empty\" data-placeholder>\u00a1No se encontraron resultados coincidentes!<\/div>\n                <div class=\"filter_short_result\" data-placeholder>\n\t\t\t\t\tDemostraci\u00f3n                    <strong class=\"qty_count\">12<\/strong>\n\t\t\t\t\tde                    <strong class=\"total_filter_qty\">3<\/strong>\n                <\/div>\n\t\t\t\t                <input type=\"hidden\" name=\"pagination_per_page\" value=\"12\"\/>\n                <input type=\"hidden\" name=\"pagination_style\" value=\"load_more\"\/>\n\t\t\t\t\t\t\t\t\t<\/div>\n\t\t\t\t<\/div>\n\t\t\t\t[\/vc_column_text][\/vc_column_inner][\/vc_row_inner][\/vc_column][\/vc_row][vc_row css=\u00bb.vc_custom_1777831410027{padding-bottom: 6% !important;}\u00bb][vc_column][vc_row_inner][vc_column_inner][vc_column_text css=\u00bb\u00bb]\n<h2>\u00a1Comienza tu aventura!<\/h2>\n<p>Cont\u00e1ctanos para m\u00e1s detalles en\u00a0<strong><a href=\"mailto:info@toursbyher.com\">info@toursbyher.com<\/a><\/strong>\u00a0y reserva tu pr\u00f3ximo viaje, ya sea privado o compartido. \u00a1Estamos aqu\u00ed para hacer que tu aventura en India sea inolvidable![\/vc_column_text][\/vc_column_inner][\/vc_row_inner][\/vc_column][\/vc_row]\n<\/div>","protected":false},"excerpt":{"rendered":"[vc_row][vc_column][vc_column_text][\/vc_column_text][\/vc_column][\/vc_row][vc_row css=\u00bb.vc_custom_1777830592934{padding-top: 3% !important;padding-bottom: 3% !important;}\u00bb][vc_column][vc_row_inner][vc_column_inner][vc_column_text css=\u00bb\u00bb] Programas escolares Nuestros programas escolares en India ofrecen una inmersi\u00f3n profunda en la realidad social y cultural del pa\u00eds. No son simples viajes; son experiencias pedag\u00f3gicas dise\u00f1adas para ampliar la perspectiva del mundo a trav\u00e9s del contacto directo con comunidades locales, proyectos de impacto y la historia viva [&#8230;]\n","protected":false},"author":5,"featured_media":0,"parent":0,"menu_order":0,"comment_status":"closed","ping_status":"closed","template":"","meta":{"footnotes":""},"class_list":["post-4855","page","type-page","status-publish","hentry"],"yoast_head":"<!-- This site is optimized with the Yoast SEO plugin v27.5 - https:\/\/yoast.com\/product\/yoast-seo-wordpress\/ -->\n<title>Programas escolares INDIA - ToursByHer<\/title>\n<meta name=\"robots\" content=\"index, follow, max-snippet:-1, max-image-preview:large, max-video-preview:-1\" \/>\n<link rel=\"canonical\" href=\"https:\/\/toursbyher.com\/es\/programas-escolares-india\/\" \/>\n<meta property=\"og:locale\" content=\"es_ES\" \/>\n<meta property=\"og:type\" content=\"article\" \/>\n<meta property=\"og:title\" content=\"Programas escolares INDIA - ToursByHer\" \/>\n<meta property=\"og:description\" content=\"[vc_row][vc_column][vc_column_text][\/vc_column_text][\/vc_column][\/vc_row][vc_row css=\u00bb.vc_custom_1777830592934{padding-top: 3% !important;padding-bottom: 3% !important;}\u00bb][vc_column][vc_row_inner][vc_column_inner][vc_column_text css=\u00bb\u00bb] Programas escolares Nuestros programas escolares en India ofrecen una inmersi\u00f3n profunda en la realidad social y cultural del pa\u00eds. No son simples viajes; son experiencias pedag\u00f3gicas dise\u00f1adas para ampliar la perspectiva del mundo a trav\u00e9s del contacto directo con comunidades locales, proyectos de impacto y la historia viva [...]\" \/>\n<meta property=\"og:url\" content=\"https:\/\/toursbyher.com\/es\/programas-escolares-india\/\" \/>\n<meta property=\"og:site_name\" content=\"ToursByHer\" \/>\n<meta property=\"article:modified_time\" content=\"2026-05-03T18:03:50+00:00\" \/>\n<meta name=\"twitter:card\" content=\"summary_large_image\" \/>\n<meta name=\"twitter:label1\" content=\"Tiempo de lectura\" \/>\n\t<meta name=\"twitter:data1\" content=\"2 minutos\" \/>\n<script type=\"application\/ld+json\" class=\"yoast-schema-graph\">{\"@context\":\"https:\\\/\\\/schema.org\",\"@graph\":[{\"@type\":\"WebPage\",\"@id\":\"https:\\\/\\\/toursbyher.com\\\/es\\\/programas-escolares-india\\\/\",\"url\":\"https:\\\/\\\/toursbyher.com\\\/es\\\/programas-escolares-india\\\/\",\"name\":\"Programas escolares INDIA - ToursByHer\",\"isPartOf\":{\"@id\":\"https:\\\/\\\/toursbyher.com\\\/es\\\/#website\"},\"datePublished\":\"2026-04-17T11:53:32+00:00\",\"dateModified\":\"2026-05-03T18:03:50+00:00\",\"breadcrumb\":{\"@id\":\"https:\\\/\\\/toursbyher.com\\\/es\\\/programas-escolares-india\\\/#breadcrumb\"},\"inLanguage\":\"es\",\"potentialAction\":[{\"@type\":\"ReadAction\",\"target\":[\"https:\\\/\\\/toursbyher.com\\\/es\\\/programas-escolares-india\\\/\"]}]},{\"@type\":\"BreadcrumbList\",\"@id\":\"https:\\\/\\\/toursbyher.com\\\/es\\\/programas-escolares-india\\\/#breadcrumb\",\"itemListElement\":[{\"@type\":\"ListItem\",\"position\":1,\"name\":\"Home\",\"item\":\"https:\\\/\\\/toursbyher.com\\\/es\\\/tours-para-mujeres-en-la-india\\\/\"},{\"@type\":\"ListItem\",\"position\":2,\"name\":\"Programas escolares INDIA\"}]},{\"@type\":\"WebSite\",\"@id\":\"https:\\\/\\\/toursbyher.com\\\/es\\\/#website\",\"url\":\"https:\\\/\\\/toursbyher.com\\\/es\\\/\",\"name\":\"ToursByHer\",\"description\":\"Tours by her to India\",\"publisher\":{\"@id\":\"https:\\\/\\\/toursbyher.com\\\/es\\\/#organization\"},\"potentialAction\":[{\"@type\":\"SearchAction\",\"target\":{\"@type\":\"EntryPoint\",\"urlTemplate\":\"https:\\\/\\\/toursbyher.com\\\/es\\\/?s={search_term_string}\"},\"query-input\":{\"@type\":\"PropertyValueSpecification\",\"valueRequired\":true,\"valueName\":\"search_term_string\"}}],\"inLanguage\":\"es\"},{\"@type\":\"Organization\",\"@id\":\"https:\\\/\\\/toursbyher.com\\\/es\\\/#organization\",\"name\":\"ToursByHer\",\"url\":\"https:\\\/\\\/toursbyher.com\\\/es\\\/\",\"logo\":{\"@type\":\"ImageObject\",\"inLanguage\":\"es\",\"@id\":\"https:\\\/\\\/toursbyher.com\\\/es\\\/#\\\/schema\\\/logo\\\/image\\\/\",\"url\":\"https:\\\/\\\/toursbyher.com\\\/wp-content\\\/uploads\\\/2024\\\/05\\\/Toursbyher_Logo_bicolor.png\",\"contentUrl\":\"https:\\\/\\\/toursbyher.com\\\/wp-content\\\/uploads\\\/2024\\\/05\\\/Toursbyher_Logo_bicolor.png\",\"width\":1825,\"height\":1912,\"caption\":\"ToursByHer\"},\"image\":{\"@id\":\"https:\\\/\\\/toursbyher.com\\\/es\\\/#\\\/schema\\\/logo\\\/image\\\/\"}}]}<\/script>\n<!-- \/ Yoast SEO plugin. -->","yoast_head_json":{"title":"Programas escolares INDIA - ToursByHer","robots":{"index":"index","follow":"follow","max-snippet":"max-snippet:-1","max-image-preview":"max-image-preview:large","max-video-preview":"max-video-preview:-1"},"canonical":"https:\/\/toursbyher.com\/es\/programas-escolares-india\/","og_locale":"es_ES","og_type":"article","og_title":"Programas escolares INDIA - ToursByHer","og_description":"[vc_row][vc_column][vc_column_text][\/vc_column_text][\/vc_column][\/vc_row][vc_row css=\u00bb.vc_custom_1777830592934{padding-top: 3% !important;padding-bottom: 3% !important;}\u00bb][vc_column][vc_row_inner][vc_column_inner][vc_column_text css=\u00bb\u00bb] Programas escolares Nuestros programas escolares en India ofrecen una inmersi\u00f3n profunda en la realidad social y cultural del pa\u00eds. No son simples viajes; son experiencias pedag\u00f3gicas dise\u00f1adas para ampliar la perspectiva del mundo a trav\u00e9s del contacto directo con comunidades locales, proyectos de impacto y la historia viva [...]","og_url":"https:\/\/toursbyher.com\/es\/programas-escolares-india\/","og_site_name":"ToursByHer","article_modified_time":"2026-05-03T18:03:50+00:00","twitter_card":"summary_large_image","twitter_misc":{"Tiempo de lectura":"2 minutos"},"schema":{"@context":"https:\/\/schema.org","@graph":[{"@type":"WebPage","@id":"https:\/\/toursbyher.com\/es\/programas-escolares-india\/","url":"https:\/\/toursbyher.com\/es\/programas-escolares-india\/","name":"Programas escolares INDIA - ToursByHer","isPartOf":{"@id":"https:\/\/toursbyher.com\/es\/#website"},"datePublished":"2026-04-17T11:53:32+00:00","dateModified":"2026-05-03T18:03:50+00:00","breadcrumb":{"@id":"https:\/\/toursbyher.com\/es\/programas-escolares-india\/#breadcrumb"},"inLanguage":"es","potentialAction":[{"@type":"ReadAction","target":["https:\/\/toursbyher.com\/es\/programas-escolares-india\/"]}]},{"@type":"BreadcrumbList","@id":"https:\/\/toursbyher.com\/es\/programas-escolares-india\/#breadcrumb","itemListElement":[{"@type":"ListItem","position":1,"name":"Home","item":"https:\/\/toursbyher.com\/es\/tours-para-mujeres-en-la-india\/"},{"@type":"ListItem","position":2,"name":"Programas escolares INDIA"}]},{"@type":"WebSite","@id":"https:\/\/toursbyher.com\/es\/#website","url":"https:\/\/toursbyher.com\/es\/","name":"ToursByHer","description":"Tours by her to India","publisher":{"@id":"https:\/\/toursbyher.com\/es\/#organization"},"potentialAction":[{"@type":"SearchAction","target":{"@type":"EntryPoint","urlTemplate":"https:\/\/toursbyher.com\/es\/?s={search_term_string}"},"query-input":{"@type":"PropertyValueSpecification","valueRequired":true,"valueName":"search_term_string"}}],"inLanguage":"es"},{"@type":"Organization","@id":"https:\/\/toursbyher.com\/es\/#organization","name":"ToursByHer","url":"https:\/\/toursbyher.com\/es\/","logo":{"@type":"ImageObject","inLanguage":"es","@id":"https:\/\/toursbyher.com\/es\/#\/schema\/logo\/image\/","url":"https:\/\/toursbyher.com\/wp-content\/uploads\/2024\/05\/Toursbyher_Logo_bicolor.png","contentUrl":"https:\/\/toursbyher.com\/wp-content\/uploads\/2024\/05\/Toursbyher_Logo_bicolor.png","width":1825,"height":1912,"caption":"ToursByHer"},"image":{"@id":"https:\/\/toursbyher.com\/es\/#\/schema\/logo\/image\/"}}]}},"_links":{"self":[{"href":"https:\/\/toursbyher.com\/es\/wp-json\/wp\/v2\/pages\/4855","targetHints":{"allow":["GET"]}}],"collection":[{"href":"https:\/\/toursbyher.com\/es\/wp-json\/wp\/v2\/pages"}],"about":[{"href":"https:\/\/toursbyher.com\/es\/wp-json\/wp\/v2\/types\/page"}],"author":[{"embeddable":true,"href":"https:\/\/toursbyher.com\/es\/wp-json\/wp\/v2\/users\/5"}],"replies":[{"embeddable":true,"href":"https:\/\/toursbyher.com\/es\/wp-json\/wp\/v2\/comments?post=4855"}],"version-history":[{"count":38,"href":"https:\/\/toursbyher.com\/es\/wp-json\/wp\/v2\/pages\/4855\/revisions"}],"predecessor-version":[{"id":5311,"href":"https:\/\/toursbyher.com\/es\/wp-json\/wp\/v2\/pages\/4855\/revisions\/5311"}],"wp:attachment":[{"href":"https:\/\/toursbyher.com\/es\/wp-json\/wp\/v2\/media?parent=4855"}],"curies":[{"name":"wp","href":"https:\/\/api.w.org\/{rel}","templated":true}]}}